{"id":42,"date":"2023-02-23T10:11:18","date_gmt":"2023-02-23T10:11:18","guid":{"rendered":"http:\/\/staffpages.uofk.edu\/sarah-abdalla\/?page_id=42"},"modified":"2023-02-23T10:11:18","modified_gmt":"2023-02-23T10:11:18","slug":"publications","status":"publish","type":"page","link":"https:\/\/staffpages.uofk.edu\/sarah-abdalla\/?page_id=42","title":{"rendered":"Publications"},"content":{"rendered":"<h3><strong>Peer reviewed articles<\/strong><\/h3>\n<p><strong>\u00a0<\/strong><\/p>\n<p><strong>Ahmed SA<\/strong>, Bonifaz A, Gonz\u00e1lez GM, Moreno LF, Menezes da Silva N, Vicente VA, Li R, de Hoog S. (2021). Chromoblastomycosis Caused by Phialophora\u2014Proven Cases from Mexico. Journal of Fungi. 7(2):95.<\/p>\n<p>&nbsp;<\/p>\n<p>Quan Y<strong>, Ahmed SA<\/strong>, Menezes da Silva N, Al-Hatmi AMS, Mayer VE, Deng S, Kang Y, Sybren de Hoog G, Shi D. (2021). Novel black yeast-like species in chaetothyriales with ant-associated life styles. Fungal Biol. ;125(4):276-284. doi: 10.1016\/j.funbio.2020.11.006.<\/p>\n<p>&nbsp;<\/p>\n<p>Tang C, Kong X, <strong>Ahmed SA<\/strong>. et al. (2021). Taxonomy of the Trichophyton mentagrophytes\/T. interdigitale Species Complex Harboring the Highly Virulent, Multiresistant Genotype T. indotineae. Mycopathologia. <a href=\"http:\/\/sci-hub.tw\/10.1007\/s11046-021-00544-2\">http:\/\/sci-hub.tw\/10.1007\/s11046-021-00544-2.<\/a><\/p>\n<p>&nbsp;<\/p>\n<p>Jiang Y, Luo W, Verweij PE, Song Y, Zhang B, Shang Z, Al-Hatmi AMS, <strong>Ahmed SA<\/strong>, et al. (2021). Regional Differences in Antifungal Susceptibility of the Prevalent Dermatophyte Trichophyton rubrum. Mycopathologia 186, 53\u201370.<\/p>\n<p>&nbsp;<\/p>\n<p>Nyuykonge B, Eadie K, Zandijk WHA, <strong>Ahmed SA<\/strong>, Desnos-Ollivier M, Fahal AH, de Hoog S, Verbon A, van de Sande WWJ, Klaassen CHW. (2021). A Short-Tandem-Repeat Assay (MmySTR) for Studying Genetic Variation in Madurella mycetomatis. J Clin Microbiol. 18;59(3):e02331-20. doi: 10.1128\/JCM.02331-20.<\/p>\n<p>&nbsp;<\/p>\n<p><strong>Ahmed SA<\/strong>, de Hoog S, Kim J, Crozier J, Thomas SE, Stielow B, Stevens DA. (2020). Gloeostereum cimri, a novel shelf fungus isolated from a human pulmonary cyst. Emerg Microbes Infect. 9(1):1114- 1122. doi: 10.1080\/22221751.2020.1769499.<\/p>\n<p>&nbsp;<\/p>\n<p>Quan Y, Muggia L, Moreno LF, Wang M, Al-Hatmi AMS, da Silva Menezes N, Shi D, Deng S, <strong>Ahmed<\/strong><\/p>\n<ol start=\"85\">\n<li><strong>S<\/strong>. et al. (2020). A re-evaluation of the Chaetothyriales using criteria of comparative biology. Fungal Diversity 103, 47\u201385.<\/li>\n<\/ol>\n<p>&nbsp;<\/p>\n<p>Ahmed EA, Nour BYM, Abakar AD, Hamid S, Mohamadani AA, Daffalla M, Mahmoud M, Altayb HN, Desnos-Ollivier M, de Hoog S, <strong>Ahmed SA<\/strong>. (2020). The genus Madurella: Molecular identification and epidemiology in Sudan. PLoS Negl Trop Dis 14(7):e0008420. doi: 10.1371\/journal.pntd.0008420.<\/p>\n<p>&nbsp;<\/p>\n<p>Lim W, Siddig E, Eadie K, Nyuykonge B, <strong>Ahmed S<\/strong>, Fahal A, et al. (2020) The development of a novel diagnostic PCR for Madurella mycetomatis using a comparative genome approach. PLoS Negl Trop Dis 14(12): e0008897.<\/p>\n<p>&nbsp;<\/p>\n<p>Nyuykonge B, Klaassen CHW, Zandijk WHA, de Hoog GS, <strong>Ahmed SA<\/strong>, Desnos-Ollivier M, Verbon A, Bonifaz A, van de Sande WWJ. (2020). Diagnostic implications of mycetoma derived from Madurella pseudomycetomatis isolates from Mexico. J Eur Acad Dermatol Venereol. 34(8):1828-1834. doi: 10.1111\/jdv.16402.<\/p>\n<p>&nbsp;<\/p>\n<p>Arastehfar A, Lim W, Daneshnia F, van de Sande WWJ, Fahal AH, Desnos-Ollivier M, de Hoog GS, Boekhout T, <strong>Ahmed SA<\/strong>. (2020). Madurella real-time PCR, a novel approach for eumycetoma diagnosis. PLoS Negl Trop Dis. 14(1):e0007845. doi: 10.1371\/journal.pntd.0007845.<\/p>\n<p>&nbsp;<\/p>\n<p>Mohsin J, Weerakoon S, <strong>Ahmed S<\/strong>, Puts Y, Al Balushi Z, Meis JF, Al-Hatmi AMS. (2020). A Cluster of Candida auris Blood Stream Infections in a Tertiary Care Hospital in Oman from 2016 to 2019. Antibiotics (Basel). 9(10):638. doi: 10.3390\/antibiotics9100638.<\/p>\n<p>&nbsp;<\/p>\n<p>Teixeira MM, Muszewska A, Travis J, Moreno LF, <strong>Ahmed S<\/strong>, Roe C, Mead H, Steczkiewicz K, Lemmer D, de Hoog S, Keim P, Wiederhold N, Barker BM. (2020). Genomic characterization of Parengyodontium americanum sp. nov. Fungal Genet Biol. 138:103351. doi: 10.1016\/j.fgb.2020.103351.<\/p>\n<p>&nbsp;<\/p>\n<p>Dukik K, de Hoog GS, Stielow JB, Freeke J, van den Ende BG, Vicente VA, Menken SBJ, <strong>Ahmed SA<\/strong>. (2020). Molecular and Phenotypic Characterization of Nannizzia (Arthrodermataceae). Mycopathologia.185(1):9-35. doi: 10.1007\/s11046-019-00336-9.<\/p>\n<p>&nbsp;<\/p>\n<p>Quan Y, van den Ende BG, Shi D, Prenafeta-Bold\u00fa FX, Liu Z, Al-Hatmi AMS, <strong>Ahmed SA<\/strong>, Verweij PE, Kang Y, de Hoog S. (2019). A Comparison of Isolation Methods for Black Fungi Degrading Aromatic Toxins. Mycopathologia. 184(5):653-660. doi: 10.1007\/s11046-019-00382-3.<\/p>\n<p>&nbsp;<\/p>\n<p>Al-Hatmi AMS, Sandoval-Denis M, Nabet C, <strong>Ahmed SA<\/strong>, Demar M, Normand AC, de Hoog GS. (2019). Fusarium volatile, a new potential pathogen from a human respiratory sample. Fungal Syst Evol. 4:171-181. doi: 10.3114\/fuse.2019.04.09.<\/p>\n<p>&nbsp;<\/p>\n<p>Su H, Packeu A, <strong>Ahmed SA<\/strong>, Al-Hatmi AMS, Blechert O, \u0130lkit M, Hagen F, Gr\u00e4ser Y, Liu W, Deng S, Hendrickx M, Xu J, Zhu M, de Hoog S. (2019). Species Distinction in the Trichophyton rubrum Complex. J Clin Microbiol. 57(9):e00352-19. doi: 10.1128\/JCM.00352-19. PMID: 31189587; PMCID: PMC6711931.<\/p>\n<p>&nbsp;<\/p>\n<p>\u0160i\u0161i\u0107 A, Al-Hatmi AMS, Ba\u0107anovi\u0107-\u0160i\u0161i\u0107 J<strong>, Ahmed SA<\/strong>, Dennenmoser D, de Hoog GS, Finckh MR. (2018). Two new species of the <em>Fusarium solani <\/em>species complex isolated from compost and <em>hibiscus <\/em>(<em>Hibiscus <\/em>sp.). Antonie Van Leeuwenhoek 111:1785-1805. doi: 10.1007\/s10482-018-1068-y.<\/p>\n<p>&nbsp;<\/p>\n<p>\u0160i\u0161i\u0107 A, Ba\u0107anovi\u0107-\u0160i\u0161i\u0107 J, Al-Hatmi AMS, Karlovsky P, <strong>Ahmed SA<\/strong>, Maier W, de Hoog GS, Finckh MR. (2018). The &#8216;forma specialis&#8217; issue in Fusarium: A case study in Fusarium solani f. sp. pisi. Scientific Reports 8: 1252. doi: 10.1038\/s41598-018-19779-z.<\/p>\n<p>&nbsp;<\/p>\n<p>Ming C, Huang J, Wang Y, Lv Q, Zhou B, Liu T, Cao Y, van den Ende BG, Al-Hatmi AMS, <strong>Ahmed SA <\/strong>et al. (2018). Revision of the medically relevant species of the yeast genus <em>Diutina<\/em>. Medical mycology. doi: 10.1093\/mmy\/myy001.<\/p>\n<p>&nbsp;<\/p>\n<p>Lim W, Eadie K, Horst-Kreft D, <strong>Ahmed SA<\/strong>, Fahal AH, van de Sande WWJ. (2018). VNTR confirms the heterogeneity of Madurella mycetomatis and is a promising typing tool for this mycetoma causing agent. Medical Mycology. doi: 10.1093\/mmy\/myy055.<\/p>\n<p>&nbsp;<\/p>\n<p>Al-Hatmi AMS, <strong>Ahmed SA<\/strong>, van Diepeningen AD, Drogari-Apiranthitou M, Verweij PE, Meis JF, de Hoog GS. (2018). <em>Fusarium metavorans <\/em>sp. nov.: The frequent opportunist \u2018FSSC6\u2019. Medical Mycology 56: 144-152. doi: 10.1093\/mmy\/myx107.<\/p>\n<p>&nbsp;<\/p>\n<p><strong>Ahmed SA<\/strong>, Gonz\u00e1lez GM, Tirado-S\u00e1nchez A, Moreno-L\u00f3pez LM, de Hoog S, Bonifaz A. (2018). <em>Nigrograna mackinnonii<\/em>, not <em>Trematosphaeria grisea <\/em>(syn., <em>Madurella grisea<\/em>), is the main agent of black grain eumycetoma in Latin America. journal of clinical microbiology 56. pii: e01723-17. doi: 10.1128\/JCM.01723-17.<\/p>\n<p>&nbsp;<\/p>\n<p>van de Sande W, Fahal A, <strong>Ahmed SA<\/strong>, Serrano JA, Bonifaz A, Zijlstra E. (2018). Closing the mycetoma knowledge gap. Medical Mycology 56:153-164. doi: 10.1093\/mmy\/myx061.<\/p>\n<p>&nbsp;<\/p>\n<p>Moussa TA A; Kadasa NMS, Al Zahrani HS, <strong>Ahmed SA<\/strong>; Feng P, van den Ende AHGG, Zhang Y, Kano R, Li F, Li S, Song Y, Dong B, Rossato L, Dolatabadi S, de Hoog S. (2017). Origin and distribution of <em>Sporothrix globosa <\/em>causing sapronoses in Asia. <a href=\"https:\/\/www.google.nl\/url?sa=t&amp;rct=j&amp;q&amp;esrc=s&amp;source=web&amp;cd=2&amp;sqi=2&amp;ved=0ahUKEwikzbCO5uLQAhUJDMAKHaSsAWsQFggiMAE&amp;url=https%3A%2F%2Fwww.ncbi.nlm.nih.gov%2Fnlmcatalog%3Fterm%3D%2522J%2BMed%2BMicrobiol%2522%255Bta%255D&amp;usg=AFQjCNEASSUsQKItXnKreGbn4dMwX1T_EA&amp;sig2=yNVcw8FmkAb5ZPVhlSDEmw\">J Med Microbiol <\/a>66:560-569.<\/p>\n<p>&nbsp;<\/p>\n<p>Moussa TA, Al Zharani HS, Kadasa NM, <strong>Ahmed SA<\/strong>, de Hoog GS, AlHatmi AM (2017) Two new species of <em>Fusarium fujikuroi <\/em>species complex isolated from the natural environment. Antonie Van Leeuwenhoek 110:819-832.<\/p>\n<p>&nbsp;<\/p>\n<p>Al-Hatmi AM, Bonifaz A, Tirado-S\u00e1nchez A, Meis JF, de Hoog GS, <strong>Ahmed SA <\/strong>(2017) Fusarium species causing eumycetoma: Report of two cases and comprehensive review of the literature. Mycoses 60:204-212.<\/p>\n<p>&nbsp;<\/p>\n<p><strong>Ahmed SA<\/strong>, Hofm\u00fcller W, Seibold M, de Hoog GS, Harak H, Tammer I, van Diepeningen AD, Behrens-Baumann W (2017) <em>Tintelnotia<\/em>, a new genus in <em>Phaeosphaeriaceae <\/em>harbouring agents of cornea and nail infections in humans. Mycoses 60:244-253<\/p>\n<p>&nbsp;<\/p>\n<p>Gu\u00e9gan S, Garcia-Hermoso D, X Sitbon K, <strong>Ahmed S<\/strong>, Moguelet P, Dromer F, Lortholary F (2016) Ten-Year Experience of Cutaneous and\/or Subcutaneous Infections Due to Coelomycetes in France. Open Forum Infect Dis. 2016;3:ofw106.<\/p>\n<p>&nbsp;<\/p>\n<p>Bustamante B, <strong>Ahmed SA<\/strong>, De Hoog GS, Seas C, Van De Sande WW (2016) <em>Phaeoacremonium sphinctrophorum <\/em>as a Novel Agent of Eumycetoma. <a href=\"https:\/\/www.ncbi.nlm.nih.gov\/pubmed\/?term=Phaeoacremonium%2Bsphinctrophorum%2Bas%2Ba%2BNovel%2BAgent%2Bof%2BEumycetoma\">JAMA Dermatol. <\/a>152:1063-5.<\/p>\n<p>&nbsp;<\/p>\n<p><strong>Ahmed SA, <\/strong>Abbas MA, Jouvion G, Al-Hatmi AMS, de Hoog GS, Kolecka A, Mahgoub ES (2015) Seventeen years of subcutaneous infection by <em>Aspergillus flavus<\/em>; eumycetoma confirmed by immunohistochemistry. Mycoses 58:728\u2013734.<\/p>\n<p>&nbsp;<\/p>\n<p><strong>Ahmed SA<\/strong>, van de Sande WWJ, Desnos-Ollivier M, Fahal AH, Mhmoud NA, de Hoog GS (2015) Application of isothermal amplification techniques for the identification of <em>Madurella mycetomatis<\/em>, the prevalent agent of human mycetoma. <a href=\"http:\/\/jcm.asm.org\/\">Journal of Clinical Microbiology. <\/a>53:3280\u20133285.<\/p>\n<p>&nbsp;<\/p>\n<p><strong>Ahmed SA<\/strong>, Desbois N, Quist D, Miossec C, Atoche C, Bonifaz A, de Hoog GS (2015) Phaeohyphomycosis caused by a novel species: <em>Pseudochaetosphaeronema martinelli<\/em>. <a href=\"http:\/\/jcm.asm.org\/\">Journal of<\/a> <a href=\"http:\/\/jcm.asm.org\/\">Clinical Microbiology <\/a>53:2927\u20132934.<\/p>\n<p>&nbsp;<\/p>\n<p><strong>Ahmed SA<\/strong>, Khan Z, Wang X, Moussa TAA, Al-Zahrani HS, Almaghrabi OA, Sutton DA, Ahmad S, Groenewald JZ, Alastruey-Izquierdo A, van Diepeningen A, Menken SBJ, Najafzadeh MJ, Crous PW, Cornely O, Hamprecht A, Vehreschild MJGT, Kindo AJ, de Hoog GS (2015) Chaetomium-like fungi causing opportunistic infections in humans: a possible role for extremotolerance. Fungal diversity 76: 11\u201326.<\/p>\n<p>&nbsp;<\/p>\n<p>Krzy\u015bciak P, Al-Hatmi AMS, <strong>Ahmed SA<\/strong>, Macura AB (2015) Rare zoonotic infection with <em>Microsporum persicolor <\/em>with literature review. Mycoses 58:511\u2013515.<\/p>\n<p>&nbsp;<\/p>\n<p><a href=\"http:\/\/www.ncbi.nlm.nih.gov\/pubmed\/?term=van%20Diepeningen%20AD%5BAuthor%5D&amp;cauthor=true&amp;cauthor_uid=25530264\">van Diepeningen AD,<\/a> <a href=\"http:\/\/www.ncbi.nlm.nih.gov\/pubmed\/?term=Feng%20P%5BAuthor%5D&amp;cauthor=true&amp;cauthor_uid=25530264\">Feng P,<\/a> <a href=\"http:\/\/www.ncbi.nlm.nih.gov\/pubmed\/?term=Ahmed%20S%5BAuthor%5D&amp;cauthor=true&amp;cauthor_uid=25530264\"><strong>Ahmed S<\/strong>,<\/a> <a href=\"http:\/\/www.ncbi.nlm.nih.gov\/pubmed\/?term=Sudhadham%20M%5BAuthor%5D&amp;cauthor=true&amp;cauthor_uid=25530264\">Sudhadham M,<\/a> <a href=\"http:\/\/www.ncbi.nlm.nih.gov\/pubmed\/?term=Bunyaratavej%20S%5BAuthor%5D&amp;cauthor=true&amp;cauthor_uid=25530264\">Bunyaratavej S,<\/a> de Hoog GS (2015) Spectrum of <em>Fusarium <\/em>infections in tropical dermatology evidenced by multilocus sequencing typing diagnostics. <a href=\"http:\/\/www.ncbi.nlm.nih.gov\/pubmed\/25530264\">Mycoses <\/a>58:48\u201357.<\/p>\n<p>&nbsp;<\/p>\n<p><strong>Ahmed SA<\/strong>, Kloezen W, Fahal AH, de Hoog GS, van de Sande WJ (2015) <em>In vitro <\/em>interaction of currently used azoles with terbinafine against <em>Madurella mycetomatis<\/em>. Antimicrobial Agents and Chemotherapy 59:1373\u20131374.<\/p>\n<p>&nbsp;<\/p>\n<p><strong>Ahmed SA<\/strong>, de Hoog GS, Stevens DA, Fahal AH and van de Sande WJ (2015) <em>In vitro <\/em>antifungal susceptibility of coelomycete agents of black grain eumycetoma to eight antifungals. Medical Mycology 53:295\u2013230.<\/p>\n<p>&nbsp;<\/p>\n<p>Lackner M, de Hoog GS, Yang L, Ferriera Moreno L, <strong>Ahmed SA<\/strong>, Andreas F, Kaltseis J, Nagl M, Lass-Fl\u00f6rl C, Risslegger B, Rambach G, Speth C, Robert V, Buzina W, Chen S, Bouchara J, Cano- Lira JF, Guarro J, Gen\u00e9 J, Fern\u00e1ndez Silva F. 2014. Proposed nomenclature for <em>Pseudallescheria<\/em>, <em>Scedosporium <\/em>and related genera. Fungal Divers 67:1\u201310<\/p>\n<p>&nbsp;<\/p>\n<p><strong>Ahmed SA<\/strong>, Kloezen W, Duncanson F, Zijlstra EE, de Hoog GS, Fahal AH, van de Sande WWJ(2014) <em>Madurella mycetomatis <\/em>is highly susceptible to ravuconazole. PLoS Neglected Tropical Diseases 8:e2942.<\/p>\n<p>&nbsp;<\/p>\n<p><strong>Ahmed SA<\/strong>, van den Ende BHGG, Fahal AH, van de Sande WWJ, de Hoog GS (2014) Rapid identification of black grain eumycetoma causative agents using rolling circle amplification. PLoS Neglected Tropical Diseases 8:e3368.<\/p>\n<p>&nbsp;<\/p>\n<p><strong>Ahmed SA<\/strong>, Stevens DA, van de Sande WW, Meis JF, de Hoog GS (2014) <em>Roussoella percutanea<\/em>, a novel opportunistic pathogen causing subcutaneous mycoses. Medical Mycology 52:689-698.<\/p>\n<p>&nbsp;<\/p>\n<p><strong>Ahmed SA<\/strong>, van de Sande WJ, Stevens DA, Fahal AH, van Diepeningen A, MenkenSBJ, and de Hoog GS (2014) Revision of agents of black-grain eumycetoma in the order <em>Pleosporales<\/em>. Persoonia 33:141\u2013154.<\/p>\n<p>&nbsp;<\/p>\n<p>de Hoog GS, <strong>Ahmed SA<\/strong>, Najafzadeh MJ, Sutton DA, Keisari MS, <a href=\"http:\/\/www.ncbi.nlm.nih.gov\/pubmed\/?term=Fahal%20AH%5BAuthor%5D&amp;cauthor=true&amp;cauthor_uid=23696914\">Fahal AH, <\/a><a href=\"http:\/\/www.ncbi.nlm.nih.gov\/pubmed\/?term=Eberhardt%20U%5BAuthor%5D&amp;cauthor=true&amp;cauthor_uid=23696914\">Eberhardt U, <\/a><a href=\"http:\/\/www.ncbi.nlm.nih.gov\/pubmed\/?term=Verkleij%20GJ%5BAuthor%5D&amp;cauthor=true&amp;cauthor_uid=23696914\">Verkleij<\/a> <a href=\"http:\/\/www.ncbi.nlm.nih.gov\/pubmed\/?term=Verkleij%20GJ%5BAuthor%5D&amp;cauthor=true&amp;cauthor_uid=23696914\">GJ, <\/a><a href=\"http:\/\/www.ncbi.nlm.nih.gov\/pubmed\/?term=Xin%20L%5BAuthor%5D&amp;cauthor=true&amp;cauthor_uid=23696914\">Xin L, <\/a><a href=\"http:\/\/www.ncbi.nlm.nih.gov\/pubmed\/?term=Stielow%20B%5BAuthor%5D&amp;cauthor=true&amp;cauthor_uid=23696914\">Stielow B, <\/a><a href=\"http:\/\/www.ncbi.nlm.nih.gov\/pubmed\/?term=van%20de%20Sande%20WW%5BAuthor%5D&amp;cauthor=true&amp;cauthor_uid=23696914\">van de Sande WW <\/a>(2013) Phylogenetic findings suggest possible new habitat and routes of infection of human eumyctoma. PLoS Neglected Tropical Diseases 7:e2229.<\/p>\n<p>&nbsp;<\/p>\n<p>Feng P, Najafzadeh MJ, Sun J, <strong>Ahmed S<\/strong>, Xi L, de Hoog GS, Lai W, Lu C, Klaassen CH, Meis JF (2012) <em>In vitro <\/em>activities of nine antifungal drugs against 81 <em>Phialophora <\/em>and <em>Cyphellophora <\/em>isolates. Antimicrob Agents Chemother 56:6044\u20136047.<\/p>\n<p>Mhmoud NA, <strong>Ahmed SA<\/strong>, Fahal AH, de Hoog GS, Gerrits van den Ende AH, van de Sande WW (2012) <em>Pleurostomophora ochracea<\/em>, a novel agent of human eumycetoma with yellow grains. <a href=\"http:\/\/jcm.asm.org\/\">Journal<\/a> <a href=\"http:\/\/jcm.asm.org\/\">of Clinical Microbiology <\/a>50:2987\u20132994.<\/p>\n<p>&nbsp;<\/p>\n<h2>Books and book chapters<\/h2>\n<p>de Hoog GS, Guarro J, Gen\u00e9 J, <strong>Ahmed S<\/strong>, Al-Hatmi AMS, Figueras MJ &amp; Vitale RG (2020) Atlas of Clinical Fungi, 4th edition. Hilversum.<\/p>\n<p><strong>Ahmed SA<\/strong>, van de Sande WWJ, Bonifaz A, de Hoog GS. (2019). Subcutaneous and secondary cutaneous fungal infections. Cutaneous Fungal Infections. In: Sarma N, ed Skin: Clinical Dermatology. New Delhi, India: Jaypee Brothers Medical Publishers.<\/p>\n<p>de Hoog GS, <strong>Ahmed SA<\/strong>, Danesi P, Guillot J, Gr\u00e4ser Y. (2018) Distribution of Pathogens and Outbreak Fungi in the Fungal Kingdom. In: Seyedmousavi S, de Hoog GS, Guillot J, Verweij PE ed. Emerging and Epizootic Fungal Infections in Animals. Springer, Cham. doi: 10.1007\/978-3-319-72093-7.<\/p>\n<p><strong>Ahmed SA<\/strong>, van de Sande WWJ, Bonifaz A, de Hoog GS. (2019). Fungi Causing Eumycotic Mycetoma. In: Carroll KC, Pfaller MA, Landry ML, McAdam AJ, Patel R, Richter SS, Warnock DW. (ed), Manual of Clinical Microbiology. 12th Edition.<\/p>\n","protected":false},"excerpt":{"rendered":"<p>Peer reviewed articles \u00a0 Ahmed SA, Bonifaz A, Gonz\u00e1lez GM, Moreno LF, Menezes da Silva N, Vicente VA, Li R, [&hellip;]<\/p>\n","protected":false},"author":1,"featured_media":0,"parent":0,"menu_order":0,"comment_status":"closed","ping_status":"closed","template":"page-publications.php","meta":{"footnotes":""},"class_list":["post-42","page","type-page","status-publish","hentry"],"_links":{"self":[{"href":"https:\/\/staffpages.uofk.edu\/sarah-abdalla\/index.php?rest_route=\/wp\/v2\/pages\/42","targetHints":{"allow":["GET"]}}],"collection":[{"href":"https:\/\/staffpages.uofk.edu\/sarah-abdalla\/index.php?rest_route=\/wp\/v2\/pages"}],"about":[{"href":"https:\/\/staffpages.uofk.edu\/sarah-abdalla\/index.php?rest_route=\/wp\/v2\/types\/page"}],"author":[{"embeddable":true,"href":"https:\/\/staffpages.uofk.edu\/sarah-abdalla\/index.php?rest_route=\/wp\/v2\/users\/1"}],"replies":[{"embeddable":true,"href":"https:\/\/staffpages.uofk.edu\/sarah-abdalla\/index.php?rest_route=%2Fwp%2Fv2%2Fcomments&post=42"}],"version-history":[{"count":1,"href":"https:\/\/staffpages.uofk.edu\/sarah-abdalla\/index.php?rest_route=\/wp\/v2\/pages\/42\/revisions"}],"predecessor-version":[{"id":44,"href":"https:\/\/staffpages.uofk.edu\/sarah-abdalla\/index.php?rest_route=\/wp\/v2\/pages\/42\/revisions\/44"}],"wp:attachment":[{"href":"https:\/\/staffpages.uofk.edu\/sarah-abdalla\/index.php?rest_route=%2Fwp%2Fv2%2Fmedia&parent=42"}],"curies":[{"name":"wp","href":"https:\/\/api.w.org\/{rel}","templated":true}]}}